{"id":1918,"date":"2022-05-04T07:22:22","date_gmt":"2022-05-04T07:22:22","guid":{"rendered":"http:\/\/sw-themes.com\/porto_dummy\/?page_id=1918"},"modified":"2024-11-04T04:27:03","modified_gmt":"2024-11-04T04:27:03","slug":"blog-type","status":"publish","type":"page","link":"https:\/\/www.promilleg.com\/es\/blog-type\/","title":{"rendered":"Tipo de blog"},"content":{"rendered":"<div data-elementor-type=\"wp-page\" data-elementor-id=\"1918\" class=\"elementor elementor-1918\" data-elementor-settings=\"{&quot;element_pack_global_tooltip_width&quot;:{&quot;unit&quot;:&quot;px&quot;,&quot;size&quot;:&quot;&quot;,&quot;sizes&quot;:[]},&quot;element_pack_global_tooltip_width_tablet&quot;:{&quot;unit&quot;:&quot;px&quot;,&quot;size&quot;:&quot;&quot;,&quot;sizes&quot;:[]},&quot;element_pack_global_tooltip_width_mobile&quot;:{&quot;unit&quot;:&quot;px&quot;,&quot;size&quot;:&quot;&quot;,&quot;sizes&quot;:[]},&quot;element_pack_global_tooltip_padding&quot;:{&quot;unit&quot;:&quot;px&quot;,&quot;top&quot;:&quot;&quot;,&quot;right&quot;:&quot;&quot;,&quot;bottom&quot;:&quot;&quot;,&quot;left&quot;:&quot;&quot;,&quot;isLinked&quot;:true},&quot;element_pack_global_tooltip_padding_tablet&quot;:{&quot;unit&quot;:&quot;px&quot;,&quot;top&quot;:&quot;&quot;,&quot;right&quot;:&quot;&quot;,&quot;bottom&quot;:&quot;&quot;,&quot;left&quot;:&quot;&quot;,&quot;isLinked&quot;:true},&quot;element_pack_global_tooltip_padding_mobile&quot;:{&quot;unit&quot;:&quot;px&quot;,&quot;top&quot;:&quot;&quot;,&quot;right&quot;:&quot;&quot;,&quot;bottom&quot;:&quot;&quot;,&quot;left&quot;:&quot;&quot;,&quot;isLinked&quot;:true},&quot;element_pack_global_tooltip_border_radius&quot;:{&quot;unit&quot;:&quot;px&quot;,&quot;top&quot;:&quot;&quot;,&quot;right&quot;:&quot;&quot;,&quot;bottom&quot;:&quot;&quot;,&quot;left&quot;:&quot;&quot;,&quot;isLinked&quot;:true},&quot;element_pack_global_tooltip_border_radius_tablet&quot;:{&quot;unit&quot;:&quot;px&quot;,&quot;top&quot;:&quot;&quot;,&quot;right&quot;:&quot;&quot;,&quot;bottom&quot;:&quot;&quot;,&quot;left&quot;:&quot;&quot;,&quot;isLinked&quot;:true},&quot;element_pack_global_tooltip_border_radius_mobile&quot;:{&quot;unit&quot;:&quot;px&quot;,&quot;top&quot;:&quot;&quot;,&quot;right&quot;:&quot;&quot;,&quot;bottom&quot;:&quot;&quot;,&quot;left&quot;:&quot;&quot;,&quot;isLinked&quot;:true}}\" data-elementor-post-type=\"page\">\n\t\t\t\t\t\t<section class=\"elementor-section elementor-top-section elementor-element elementor-element-9a2d598 elementor-section-boxed elementor-section-height-default elementor-section-height-default\" data-id=\"9a2d598\" data-element_type=\"section\" data-e-type=\"section\">\r\n\t\t\r\n\t\t\t\t\t\t\t<div class=\"elementor-container elementor-column-gap-default\">\r\n\t\t\t\t\t\t\t\t\t\t\t<div class=\"elementor-column elementor-col-100 elementor-top-column elementor-element elementor-element-04993ef\" data-id=\"04993ef\" data-element_type=\"column\" data-e-type=\"column\">\r\n\t\t\t\t\t<div class=\"elementor-widget-wrap elementor-element-populated\">\r\n\t\t\t\t\t\t\t\t<div class=\"elementor-element elementor-element-e02582f elementor-widget elementor-widget-porto_posts_grid\" data-id=\"e02582f\" data-element_type=\"widget\" data-e-type=\"widget\" data-settings=\"{&quot;spacing&quot;:{&quot;unit&quot;:&quot;px&quot;,&quot;size&quot;:&quot;&quot;,&quot;sizes&quot;:[]}}\" data-widget_type=\"porto_posts_grid.default\">\n\t\t\t\t<div class=\"elementor-widget-container\">\n\t\t\t\t\t<div class=\"porto-posts-grid porto-posts-grid-d751713988987e9331980363e24189ce porto-blogdyph\"><style scope=\"scope\">.page-wrapper .porto-gb-a812a27865f1c5c4d78340d252f07919{background-color:rgba(255,255,255,1);margin-right:0px;margin-bottom:30px;margin-left:0px;padding:1.5rem 1.5rem 1.5rem 1.5rem;box-shadow: 0px 30px 90px rgba(0,0,0,0.08);}.page-wrapper .porto-gb-0983a0b3121e84279f1b9a05e4033b60{padding-top:13px;padding-bottom:0px;}.page-wrapper .porto-gb-9ed9d7e097fa981568c75c2f054bf0da{margin-bottom:8px;padding-right:12px;}.porto-gb-9ed9d7e097fa981568c75c2f054bf0da{font-size:0.8em;text-transform:uppercase;line-height:1;}.page-wrapper .porto-gb-089e0388ca0cce0e942fd31924cc4fc2{border-style:solid;border-width:0px 0px 0px 1px;margin-bottom:8px;padding-right:3px;padding-left:12px;}.porto-gb-089e0388ca0cce0e942fd31924cc4fc2,.porto-gb-089e0388ca0cce0e942fd31924cc4fc2 p{font-size:0.8em;text-transform:uppercase;line-height:1;}.page-wrapper .porto-gb-b0f377d6c093c4d7950e6ad4f957a233{margin-bottom:8px;padding-right:12px;}.page-wrapper .porto-gb-b0f377d6c093c4d7950e6ad4f957a233{font-size:0.8em;text-transform:uppercase;line-height:1;color:#d80d07}.page-wrapper .porto-gb-e45d8b62102dea8ca65ed01bedeb31ad{border-style:solid;border-width:0px 0px 0px 1px;border-color:#777777;margin-bottom:8px;padding-left:12px;}.page-wrapper .porto-gb-e45d8b62102dea8ca65ed01bedeb31ad{font-size:0.8em;text-transform:uppercase;line-height:1;color:#d80d07}.page-wrapper .porto-gb-b1ed539663fa2dc061b57edcc9096540{margin-top:1rem;margin-bottom:1rem;}.porto-gb-b1ed539663fa2dc061b57edcc9096540,.porto-gb-b1ed539663fa2dc061b57edcc9096540 p{font-size:1.5em;font-weight:600;line-height:1.3;}.page-wrapper .porto-gb-97948b41aa4f8469486f8bebea040a5e{background-color:rgba(255,255,255,1);border-width:0px 0px 0px 0px;padding:0px 0px 0px 0px;}.page-wrapper .porto-gb-97948b41aa4f8469486f8bebea040a5e:hover{background-color:rgba(255,255,255,1);}.page-wrapper .porto-gb-97948b41aa4f8469486f8bebea040a5e{font-weight:600;line-height:2em;color:#d80d07}.blog-type a:hover { color: #d80d07; }\n.blog-type .blog-type-btn:active, \n.blog-type .blog-type-btn:focus { background: none; border: none; color: #d80d07; box-shadow: none; }<\/style><div class=\"posts-wrap posts-container has-ccols ccols-md-2 ccols-1 has-ccols-spacing\" style=\"\"><div class=\"porto-tb-item post post-4231 type-post status-publish format-standard has-post-thumbnail hentry category-news\"><div class=\"porto-section blog-type porto-gb-0f1375df1c49f56830e8c54a2212ca08\">\n<div class=\"porto-tb-featured-image tb-image-type-default porto-gb-3793858d9c0dd7056216e2bb2c54a3d8\" data-title=\"Redefining Precision: How Promill is Transforming Manufacturing in Egypt\"><a aria-label=\"imagen destacada de la publicaci\u00f3n\" href=\"https:\/\/www.promilleg.com\/es\/redefining-precision-how-promill-is-transforming-manufacturing-in-egypt\/\" class=\"img-thumbnail\"><img decoding=\"async\" width=\"288\" height=\"144\" src=\"https:\/\/www.promilleg.com\/wp-content\/uploads\/2022\/03\/4.png\" class=\"img-responsive\" alt=\"\" \/><\/a><\/div>\n\n<div class=\"porto-section flex-container flex-wrap align-items-center porto-gb-c1b1460fc1460d8bc36c73127efc2b2b\">\n<span class=\"porto-tb-meta tb-meta-published_date porto-gb-1f17eac2131caf0cab0033a22959119a\">4 de noviembre de 2024<\/span>\n\n<p class=\"porto-heading porto-gb-c0c4c15f570d732d99f3950592e5d132\" style=\"\">Por <\/p>\n\n<span class=\"porto-tb-meta tb-meta-author porto-gb-606e0b8ccaabac6aca54b0bba82c59da\"><a href=\"https:\/\/www.promilleg.com\/es\/author\/admin\/\" title=\"Entradas de admin\" rel=\"author\">administraci\u00f3n<\/a><\/span>\n\n<span class=\"porto-tb-meta tb-meta-comments porto-gb-27b7c64498167660180bc598ebc0bf8f\"><a href=\"https:\/\/www.promilleg.com\/es\/redefining-precision-how-promill-is-transforming-manufacturing-in-egypt\/#respond\">Sin comentarios<\/a><\/span>\n<\/div>\n\n<h4 class=\"porto-heading porto-gb-dd1944d04632c832e37bcaff35ac3b1f post-title\" style=\"\"><a aria-label=\"T\u00edtulo del post\" href=\"https:\/\/www.promilleg.com\/es\/redefining-precision-how-promill-is-transforming-manufacturing-in-egypt\/\">Redefiniendo la precisi\u00f3n: c\u00f3mo Promill est\u00e1 transformando la fabricaci\u00f3n en Egipto<\/a><\/h4>\n\n<p class=\"porto-heading\" style=\"\">Promill Engineering Industries no es solo l\u00edder en el mercado egipcio local, sino que es pionera en la redefinici\u00f3n de la fabricaci\u00f3n de precisi\u00f3n. En esta publicaci\u00f3n, se analiza c\u00f3mo Promill utiliza tecnolog\u00eda de vanguardia y soluciones de ingenier\u00eda innovadoras para establecer nuevos est\u00e1ndares en la industria.<\/p>\n\n<a aria-label=\"bot\u00f3n\" class=\"btn btn-md btn-primary blog-type-btn porto-gb-f74523b8d8b9f3b965b59825ed12180e\" href=\"https:\/\/www.promilleg.com\/es\/redefining-precision-how-promill-is-transforming-manufacturing-in-egypt\/\"><span>LEER M\u00c1S...<\/span><\/a>\n<\/div><\/div><div class=\"porto-tb-item post post-1 type-post status-publish format-standard has-post-thumbnail hentry category-news\"><div class=\"porto-section blog-type porto-gb-0f1375df1c49f56830e8c54a2212ca08\">\n<div class=\"porto-tb-featured-image tb-image-type-default porto-gb-3793858d9c0dd7056216e2bb2c54a3d8\" data-title=\"Redefining Precision: How Promill is Transforming Manufacturing in Egypt\"><a aria-label=\"imagen destacada de la publicaci\u00f3n\" href=\"https:\/\/www.promilleg.com\/es\/redefining-precision-how-promill-is-transforming-manufacturing-in-egypt\/\" class=\"img-thumbnail\"><img decoding=\"async\" width=\"288\" height=\"144\" src=\"https:\/\/www.promilleg.com\/wp-content\/uploads\/2022\/03\/4.png\" class=\"img-responsive\" alt=\"\" \/><\/a><\/div>\n\n<div class=\"porto-section flex-container flex-wrap align-items-center porto-gb-c1b1460fc1460d8bc36c73127efc2b2b\">\n<span class=\"porto-tb-meta tb-meta-published_date porto-gb-1f17eac2131caf0cab0033a22959119a\">4 de noviembre de 2024<\/span>\n\n<p class=\"porto-heading porto-gb-c0c4c15f570d732d99f3950592e5d132\" style=\"\">Por <\/p>\n\n<span class=\"porto-tb-meta tb-meta-author porto-gb-606e0b8ccaabac6aca54b0bba82c59da\"><a href=\"https:\/\/www.promilleg.com\/es\/author\/admin\/\" title=\"Entradas de admin\" rel=\"author\">administraci\u00f3n<\/a><\/span>\n\n<span class=\"porto-tb-meta tb-meta-comments porto-gb-27b7c64498167660180bc598ebc0bf8f\"><a href=\"https:\/\/www.promilleg.com\/es\/redefining-precision-how-promill-is-transforming-manufacturing-in-egypt\/#respond\">Sin comentarios<\/a><\/span>\n<\/div>\n\n<h4 class=\"porto-heading porto-gb-dd1944d04632c832e37bcaff35ac3b1f post-title\" style=\"\"><a aria-label=\"T\u00edtulo del post\" href=\"https:\/\/www.promilleg.com\/es\/reverse-engineering-the-secret-to-extending-equipment-lifespan\/\">Ingenier\u00eda inversa: el secreto para prolongar la vida \u00fatil de los equipos<\/a><\/h4>\n\n<p class=\"porto-heading\" style=\"\">A medida que la maquinaria envejece y las piezas se vuelven obsoletas, muchas empresas se enfrentan al costoso dilema de reemplazar sistemas completos o conseguir componentes poco comunes. Promill Engineering ofrece una soluci\u00f3n innovadora con sus servicios de ingenier\u00eda inversa, que permite a las empresas extender la vida \u00fatil de sus equipos de manera eficiente y rentable.<\/p>\n\n<a aria-label=\"bot\u00f3n\" class=\"btn btn-md btn-primary blog-type-btn porto-gb-f74523b8d8b9f3b965b59825ed12180e\" href=\"https:\/\/www.promilleg.com\/es\/reverse-engineering-the-secret-to-extending-equipment-lifespan\/\"><span>LEER M\u00c1S...<\/span><\/a>\n<\/div><\/div><\/div><\/div>\t\t\t\t<\/div>\n\t\t\t\t<\/div>\n\t\t\t\t\t<\/div>\r\n\t\t\t\t<\/div>\r\n\t\t\t\t\t<\/div>\r\n\t\t\t\t<\/section>\r\n\t\t\t\t<\/div>","protected":false},"excerpt":{"rendered":"<p>December 18, 2020 By John Doe No Comments An Interview with John Doe Lorem ipsum dolor sit amet, consectetur adipiscing elit. Curabitur lectus lacus, rutrum sit amet placerat et, bibendum nec mauris&#8230;. READ MORE&#8230; December 14, 2020 By John Doe 1 Comment An Interview with John Doe Lorem ipsum dolor sit amet, consectetur adipiscing elit. [&hellip;]<\/p>\n","protected":false},"author":1,"featured_media":-3,"parent":0,"menu_order":0,"comment_status":"closed","ping_status":"closed","template":"","meta":{"_acf_changed":false,"footnotes":""},"class_list":["post-1918","page","type-page","status-publish","has-post-thumbnail","hentry"],"acf":[],"yoast_head":"<!-- This site is optimized with the Yoast SEO plugin v27.4 - https:\/\/yoast.com\/product\/yoast-seo-wordpress\/ -->\n<title>Blog Type | Promill Engineering Industries<\/title>\n<meta name=\"robots\" content=\"index, follow, max-snippet:-1, max-image-preview:large, max-video-preview:-1\" \/>\n<link rel=\"canonical\" href=\"https:\/\/www.promilleg.com\/es\/blog-type\/\" \/>\n<meta property=\"og:locale\" content=\"es_ES\" \/>\n<meta property=\"og:type\" content=\"article\" \/>\n<meta property=\"og:title\" content=\"Blog Type | Promill Engineering Industries\" \/>\n<meta property=\"og:description\" content=\"December 18, 2020 By John Doe No Comments An Interview with John Doe Lorem ipsum dolor sit amet, consectetur adipiscing elit. Curabitur lectus lacus, rutrum sit amet placerat et, bibendum nec mauris&#8230;. READ MORE&#8230; December 14, 2020 By John Doe 1 Comment An Interview with John Doe Lorem ipsum dolor sit amet, consectetur adipiscing elit. [&hellip;]\" \/>\n<meta property=\"og:url\" content=\"https:\/\/www.promilleg.com\/es\/blog-type\/\" \/>\n<meta property=\"og:site_name\" content=\"Promill Engineering Industries\" \/>\n<meta property=\"article:modified_time\" content=\"2024-11-04T04:27:03+00:00\" \/>\n<meta name=\"twitter:card\" content=\"summary_large_image\" \/>\n<script type=\"application\/ld+json\" class=\"yoast-schema-graph\">{\"@context\":\"https:\\\/\\\/schema.org\",\"@graph\":[{\"@type\":\"WebPage\",\"@id\":\"https:\\\/\\\/www.promilleg.com\\\/blog-type\\\/\",\"url\":\"https:\\\/\\\/www.promilleg.com\\\/blog-type\\\/\",\"name\":\"Blog Type | Promill Engineering Industries\",\"isPartOf\":{\"@id\":\"https:\\\/\\\/www.promilleg.com\\\/#website\"},\"datePublished\":\"2022-05-04T07:22:22+00:00\",\"dateModified\":\"2024-11-04T04:27:03+00:00\",\"breadcrumb\":{\"@id\":\"https:\\\/\\\/www.promilleg.com\\\/blog-type\\\/#breadcrumb\"},\"inLanguage\":\"es\",\"potentialAction\":[{\"@type\":\"ReadAction\",\"target\":[\"https:\\\/\\\/www.promilleg.com\\\/blog-type\\\/\"]}]},{\"@type\":\"BreadcrumbList\",\"@id\":\"https:\\\/\\\/www.promilleg.com\\\/blog-type\\\/#breadcrumb\",\"itemListElement\":[{\"@type\":\"ListItem\",\"position\":1,\"name\":\"Home\",\"item\":\"https:\\\/\\\/www.promilleg.com\\\/\"},{\"@type\":\"ListItem\",\"position\":2,\"name\":\"Blog Type\"}]},{\"@type\":\"WebSite\",\"@id\":\"https:\\\/\\\/www.promilleg.com\\\/#website\",\"url\":\"https:\\\/\\\/www.promilleg.com\\\/\",\"name\":\"Promill Engineering Industries\",\"description\":\"World Class Answers - For Your Local Machining &amp; Engineering Needs&trade;\",\"publisher\":{\"@id\":\"https:\\\/\\\/www.promilleg.com\\\/#organization\"},\"potentialAction\":[{\"@type\":\"SearchAction\",\"target\":{\"@type\":\"EntryPoint\",\"urlTemplate\":\"https:\\\/\\\/www.promilleg.com\\\/?s={search_term_string}\"},\"query-input\":{\"@type\":\"PropertyValueSpecification\",\"valueRequired\":true,\"valueName\":\"search_term_string\"}}],\"inLanguage\":\"es\"},{\"@type\":\"Organization\",\"@id\":\"https:\\\/\\\/www.promilleg.com\\\/#organization\",\"name\":\"Promill Engineering Industries L.L.C.\",\"alternateName\":\"World Class Answers - For Your Local Machining & Engineering Needs\u2122\",\"url\":\"https:\\\/\\\/www.promilleg.com\\\/\",\"logo\":{\"@type\":\"ImageObject\",\"inLanguage\":\"es\",\"@id\":\"https:\\\/\\\/www.promilleg.com\\\/#\\\/schema\\\/logo\\\/image\\\/\",\"url\":\"https:\\\/\\\/www.promilleg.com\\\/wp-content\\\/uploads\\\/2024\\\/10\\\/Promill-Logo-1.png\",\"contentUrl\":\"https:\\\/\\\/www.promilleg.com\\\/wp-content\\\/uploads\\\/2024\\\/10\\\/Promill-Logo-1.png\",\"width\":1002,\"height\":376,\"caption\":\"Promill Engineering Industries L.L.C.\"},\"image\":{\"@id\":\"https:\\\/\\\/www.promilleg.com\\\/#\\\/schema\\\/logo\\\/image\\\/\"},\"sameAs\":[\"https:\\\/\\\/www.linkedin.com\\\/company\\\/promill-precision-engineering-services\"]}]}<\/script>\n<!-- \/ Yoast SEO plugin. -->","yoast_head_json":{"title":"Blog Type | Promill Engineering Industries","robots":{"index":"index","follow":"follow","max-snippet":"max-snippet:-1","max-image-preview":"max-image-preview:large","max-video-preview":"max-video-preview:-1"},"canonical":"https:\/\/www.promilleg.com\/es\/blog-type\/","og_locale":"es_ES","og_type":"article","og_title":"Blog Type | Promill Engineering Industries","og_description":"December 18, 2020 By John Doe No Comments An Interview with John Doe Lorem ipsum dolor sit amet, consectetur adipiscing elit. Curabitur lectus lacus, rutrum sit amet placerat et, bibendum nec mauris&#8230;. READ MORE&#8230; December 14, 2020 By John Doe 1 Comment An Interview with John Doe Lorem ipsum dolor sit amet, consectetur adipiscing elit. [&hellip;]","og_url":"https:\/\/www.promilleg.com\/es\/blog-type\/","og_site_name":"Promill Engineering Industries","article_modified_time":"2024-11-04T04:27:03+00:00","twitter_card":"summary_large_image","schema":{"@context":"https:\/\/schema.org","@graph":[{"@type":"WebPage","@id":"https:\/\/www.promilleg.com\/blog-type\/","url":"https:\/\/www.promilleg.com\/blog-type\/","name":"Blog Type | Promill Engineering Industries","isPartOf":{"@id":"https:\/\/www.promilleg.com\/#website"},"datePublished":"2022-05-04T07:22:22+00:00","dateModified":"2024-11-04T04:27:03+00:00","breadcrumb":{"@id":"https:\/\/www.promilleg.com\/blog-type\/#breadcrumb"},"inLanguage":"es","potentialAction":[{"@type":"ReadAction","target":["https:\/\/www.promilleg.com\/blog-type\/"]}]},{"@type":"BreadcrumbList","@id":"https:\/\/www.promilleg.com\/blog-type\/#breadcrumb","itemListElement":[{"@type":"ListItem","position":1,"name":"Home","item":"https:\/\/www.promilleg.com\/"},{"@type":"ListItem","position":2,"name":"Blog Type"}]},{"@type":"WebSite","@id":"https:\/\/www.promilleg.com\/#website","url":"https:\/\/www.promilleg.com\/","name":"Industrias de ingenier\u00eda Promill","description":"Respuestas de clase mundial: para sus necesidades locales de mecanizado e ingenier\u00eda\u2122","publisher":{"@id":"https:\/\/www.promilleg.com\/#organization"},"potentialAction":[{"@type":"SearchAction","target":{"@type":"EntryPoint","urlTemplate":"https:\/\/www.promilleg.com\/?s={search_term_string}"},"query-input":{"@type":"PropertyValueSpecification","valueRequired":true,"valueName":"search_term_string"}}],"inLanguage":"es"},{"@type":"Organization","@id":"https:\/\/www.promilleg.com\/#organization","name":"Industrias de ingenier\u00eda Promill LLC","alternateName":"World Class Answers - For Your Local Machining & Engineering Needs\u2122","url":"https:\/\/www.promilleg.com\/","logo":{"@type":"ImageObject","inLanguage":"es","@id":"https:\/\/www.promilleg.com\/#\/schema\/logo\/image\/","url":"https:\/\/www.promilleg.com\/wp-content\/uploads\/2024\/10\/Promill-Logo-1.png","contentUrl":"https:\/\/www.promilleg.com\/wp-content\/uploads\/2024\/10\/Promill-Logo-1.png","width":1002,"height":376,"caption":"Promill Engineering Industries L.L.C."},"image":{"@id":"https:\/\/www.promilleg.com\/#\/schema\/logo\/image\/"},"sameAs":["https:\/\/www.linkedin.com\/company\/promill-precision-engineering-services"]}]}},"_links":{"self":[{"href":"https:\/\/www.promilleg.com\/es\/wp-json\/wp\/v2\/pages\/1918","targetHints":{"allow":["GET"]}}],"collection":[{"href":"https:\/\/www.promilleg.com\/es\/wp-json\/wp\/v2\/pages"}],"about":[{"href":"https:\/\/www.promilleg.com\/es\/wp-json\/wp\/v2\/types\/page"}],"author":[{"embeddable":true,"href":"https:\/\/www.promilleg.com\/es\/wp-json\/wp\/v2\/users\/1"}],"replies":[{"embeddable":true,"href":"https:\/\/www.promilleg.com\/es\/wp-json\/wp\/v2\/comments?post=1918"}],"version-history":[{"count":0,"href":"https:\/\/www.promilleg.com\/es\/wp-json\/wp\/v2\/pages\/1918\/revisions"}],"wp:featuredmedia":[{"embeddable":true,"href":"https:\/\/www.promilleg.com\/es\/wp-json\/"}],"wp:attachment":[{"href":"https:\/\/www.promilleg.com\/es\/wp-json\/wp\/v2\/media?parent=1918"}],"curies":[{"name":"gracias","href":"https:\/\/api.w.org\/{rel}","templated":true}]}}